{"id":330,"date":"2017-02-20T10:13:21","date_gmt":"2017-02-20T09:13:21","guid":{"rendered":"http:\/\/mxajfmgl.preview.infomaniak.website\/?page_id=330"},"modified":"2025-03-02T18:42:46","modified_gmt":"2025-03-02T17:42:46","slug":"coming-soon","status":"publish","type":"page","link":"https:\/\/st-residences.sergetagliaboschigroup.com\/ar\/","title":{"rendered":"COMING SOON"},"content":{"rendered":"<p>[et_pb_section fb_built=\u00a0\u00bb1&Prime; admin_label=\u00a0\u00bb#07&Prime; _builder_version=\u00a0\u00bb4.16&Prime; background_enable_color=\u00a0\u00bboff\u00a0\u00bb background_image=\u00a0\u00bbhttps:\/\/st-residences.sergetagliaboschigroup.com\/wp-content\/uploads\/2022\/10\/st-residences-chateau-de-chillon.jpg\u00a0\u00bb custom_padding=\u00a0\u00bb20px|0px|50px|0px|false|false\u00a0\u00bb transparent_background=\u00a0\u00bboff\u00a0\u00bb make_fullwidth=\u00a0\u00bboff\u00a0\u00bb use_custom_width=\u00a0\u00bboff\u00a0\u00bb width_unit=\u00a0\u00bbon\u00a0\u00bb custom_width_px=\u00a0\u00bb1080px\u00a0\u00bb custom_width_percent=\u00a0\u00bb80%\u00a0\u00bb collapsed=\u00a0\u00bboff\u00a0\u00bb global_colors_info=\u00a0\u00bb{}\u00a0\u00bb custom_css_before_last_edited=\u00a0\u00bboff|desktop\u00a0\u00bb][et_pb_row use_custom_gutter=\u00a0\u00bbon\u00a0\u00bb gutter_width=\u00a0\u00bb4&Prime; make_equal=\u00a0\u00bbon\u00a0\u00bb column_padding_mobile=\u00a0\u00bbon\u00a0\u00bb disabled_on=\u00a0\u00bboff|off|off\u00a0\u00bb admin_label=\u00a0\u00bbrow\u00a0\u00bb _builder_version=\u00a0\u00bb4.16&Prime; background_size=\u00a0\u00bbinitial\u00a0\u00bb background_position=\u00a0\u00bbtop_left\u00a0\u00bb background_repeat=\u00a0\u00bbrepeat\u00a0\u00bb max_width=\u00a0\u00bb1710px\u00a0\u00bb custom_margin=\u00a0\u00bb||7vh||false|false\u00a0\u00bb custom_margin_tablet=\u00a0\u00bb||10vh||false|false\u00a0\u00bb custom_margin_phone=\u00a0\u00bb||15px||false|false\u00a0\u00bb custom_margin_last_edited=\u00a0\u00bbon|phone\u00a0\u00bb custom_padding=\u00a0\u00bb||||false|false\u00a0\u00bb make_fullwidth=\u00a0\u00bbon\u00a0\u00bb use_custom_width=\u00a0\u00bbon\u00a0\u00bb width_unit=\u00a0\u00bbon\u00a0\u00bb custom_width_px=\u00a0\u00bb760px\u00a0\u00bb custom_width_percent=\u00a0\u00bb80%\u00a0\u00bb global_colors_info=\u00a0\u00bb{}\u00a0\u00bb][et_pb_column type=\u00a0\u00bb4_4&Prime; _builder_version=\u00a0\u00bb4.16&Prime; custom_padding=\u00a0\u00bb|||\u00a0\u00bb global_colors_info=\u00a0\u00bb{}\u00a0\u00bb custom_padding__hover=\u00a0\u00bb|||\u00a0\u00bb][et_pb_image src=\u00a0\u00bbhttps:\/\/st-residences.sergetagliaboschigroup.com\/wp-content\/uploads\/2022\/10\/ST-RESIDENCES-LOGO.svg\u00a0\u00bb alt=\u00a0\u00bbST-RESIDENCES-LOGO\u00a0\u00bb title_text=\u00a0\u00bbST-RESIDENCES-LOGO\u00a0\u00bb align=\u00a0\u00bbcenter\u00a0\u00bb align_tablet=\u00a0\u00bbcenter\u00a0\u00bb align_phone=\u00a0\u00bbcenter\u00a0\u00bb align_last_edited=\u00a0\u00bbon|desktop\u00a0\u00bb admin_label=\u00a0\u00bbImage\u00a0\u00bb _builder_version=\u00a0\u00bb4.16&Prime; width=\u00a0\u00bb12%\u00a0\u00bb width_tablet=\u00a0\u00bb33%\u00a0\u00bb width_phone=\u00a0\u00bb38%\u00a0\u00bb width_last_edited=\u00a0\u00bbon|phone\u00a0\u00bb custom_margin=\u00a0\u00bb|||\u00a0\u00bb filter_saturate=\u00a0\u00bb0%\u00a0\u00bb filter_contrast=\u00a0\u00bb200%\u00a0\u00bb animation=\u00a0\u00bboff\u00a0\u00bb sticky=\u00a0\u00bboff\u00a0\u00bb border_style=\u00a0\u00bbsolid\u00a0\u00bb always_center_on_mobile=\u00a0\u00bbon\u00a0\u00bb global_colors_info=\u00a0\u00bb{}\u00a0\u00bb][\/et_pb_image][\/et_pb_column][\/et_pb_row][et_pb_row _builder_version=\u00a0\u00bb4.16&Prime; _module_preset=\u00a0\u00bbdefault\u00a0\u00bb global_colors_info=\u00a0\u00bb{}\u00a0\u00bb][et_pb_column type=\u00a0\u00bb4_4&Prime; _builder_version=\u00a0\u00bb4.16&Prime; _module_preset=\u00a0\u00bbdefault\u00a0\u00bb global_colors_info=\u00a0\u00bb{}\u00a0\u00bb][et_pb_text _builder_version=\u00a0\u00bb4.27.4&Prime; _module_preset=\u00a0\u00bbdefault\u00a0\u00bb header_font=\u00a0\u00bbMontserrat||||||||\u00a0\u00bb header_text_align=\u00a0\u00bbcenter\u00a0\u00bb header_text_color=\u00a0\u00bbgcid-2e714d0d-16cd-478f-a5fd-4313550c906d\u00a0\u00bb header_font_size=\u00a0\u00bb23px\u00a0\u00bb custom_margin=\u00a0\u00bb||10px||false|false\u00a0\u00bb header_font_size_tablet=\u00a0\u00bb23px\u00a0\u00bb header_font_size_phone=\u00a0\u00bb20px\u00a0\u00bb header_font_size_last_edited=\u00a0\u00bbon|phone\u00a0\u00bb header_line_height_tablet=\u00a0\u00bb\u00a0\u00bb header_line_height_phone=\u00a0\u00bb1.3em\u00a0\u00bb header_line_height_last_edited=\u00a0\u00bbon|phone\u00a0\u00bb global_colors_info=\u00a0\u00bb{%22gcid-2e714d0d-16cd-478f-a5fd-4313550c906d%22:%91%22header_text_color%22%93}\u00a0\u00bb]<\/p>\n<h1>VOTRE PROJET IMMOBILIER<\/h1>\n<h1>NOTRE MISSION<\/h1>\n<p>[\/et_pb_text][et_pb_text _builder_version=\u00a0\u00bb4.27.4&Prime; _module_preset=\u00a0\u00bbdefault\u00a0\u00bb text_font=\u00a0\u00bbMontserrat||||||||\u00a0\u00bb text_text_color=\u00a0\u00bbgcid-36e25f43-0b07-4bcc-ba1f-367699523f13&Prime; text_line_height=\u00a0\u00bb1.5em\u00a0\u00bb text_orientation=\u00a0\u00bbcenter\u00a0\u00bb width=\u00a0\u00bb25%\u00a0\u00bb width_tablet=\u00a0\u00bb25%\u00a0\u00bb width_phone=\u00a0\u00bb100%\u00a0\u00bb width_last_edited=\u00a0\u00bbon|phone\u00a0\u00bb module_alignment=\u00a0\u00bbcenter\u00a0\u00bb hover_enabled=\u00a0\u00bb0&Prime; global_colors_info=\u00a0\u00bb{%22gcid-36e25f43-0b07-4bcc-ba1f-367699523f13%22:%91%22text_text_color%22%93}\u00a0\u00bb sticky_enabled=\u00a0\u00bb0&Prime;]<\/p>\n<p style=\"text-align: center;\"><strong>Notre nouvelle plateforme sera bient\u00f4t disponible.<\/strong><\/p>\n<p style=\"text-align: center;\"><strong>EN ATTENDANT CONTACTEZ NOUS<\/strong><\/p>\n<p>Nous vous r\u00e9pondons par t\u00e9l\u00e9phone, via WhatsApp ou par courriel.<\/p>\n<p>[\/et_pb_text][\/et_pb_column][\/et_pb_row][et_pb_row column_structure=\u00a0\u00bb1_3,1_3,1_3&Prime; _builder_version=\u00a0\u00bb4.16&Prime; _module_preset=\u00a0\u00bbdefault\u00a0\u00bb global_colors_info=\u00a0\u00bb{}\u00a0\u00bb][et_pb_column type=\u00a0\u00bb1_3&Prime; _builder_version=\u00a0\u00bb4.16&Prime; _module_preset=\u00a0\u00bbdefault\u00a0\u00bb global_colors_info=\u00a0\u00bb{}\u00a0\u00bb][et_pb_text _builder_version=\u00a0\u00bb4.16&Prime; _module_preset=\u00a0\u00bbdefault\u00a0\u00bb text_font=\u00a0\u00bbMontserrat||||||||\u00a0\u00bb text_text_color=\u00a0\u00bbgcid-0d7bcbf1-692b-4e67-990f-56b11472a5d8&Prime; text_font_size=\u00a0\u00bb16px\u00a0\u00bb text_orientation=\u00a0\u00bbcenter\u00a0\u00bb custom_margin=\u00a0\u00bb||15px||false|false\u00a0\u00bb global_colors_info=\u00a0\u00bb{%22gcid-0d7bcbf1-692b-4e67-990f-56b11472a5d8%22:%91%22text_text_color%22%93}\u00a0\u00bb]<\/p>\n<p>Contactez-nous<\/p>\n<p>[\/et_pb_text][et_pb_text _builder_version=\u00a0\u00bb4.16&Prime; _module_preset=\u00a0\u00bbdefault\u00a0\u00bb text_font=\u00a0\u00bbMontserrat||||||||\u00a0\u00bb text_text_color=\u00a0\u00bbgcid-36e25f43-0b07-4bcc-ba1f-367699523f13&Prime; text_font_size=\u00a0\u00bb17px\u00a0\u00bb text_orientation=\u00a0\u00bbcenter\u00a0\u00bb text_orientation_tablet=\u00a0\u00bb\u00a0\u00bb text_orientation_phone=\u00a0\u00bbcenter\u00a0\u00bb text_orientation_last_edited=\u00a0\u00bbon|phone\u00a0\u00bb global_colors_info=\u00a0\u00bb{%22gcid-36e25f43-0b07-4bcc-ba1f-367699523f13%22:%91%22text_text_color%22%93}\u00a0\u00bb]<\/p>\n<p>+41 79 657 74 99<\/p>\n<p>[\/et_pb_text][\/et_pb_column][et_pb_column type=\u00a0\u00bb1_3&Prime; _builder_version=\u00a0\u00bb4.16&Prime; _module_preset=\u00a0\u00bbdefault\u00a0\u00bb global_colors_info=\u00a0\u00bb{}\u00a0\u00bb][et_pb_text _builder_version=\u00a0\u00bb4.16&Prime; _module_preset=\u00a0\u00bbdefault\u00a0\u00bb text_font=\u00a0\u00bbMontserrat||||||||\u00a0\u00bb text_text_color=\u00a0\u00bbgcid-0d7bcbf1-692b-4e67-990f-56b11472a5d8&Prime; text_font_size=\u00a0\u00bb16px\u00a0\u00bb text_orientation=\u00a0\u00bbcenter\u00a0\u00bb custom_margin=\u00a0\u00bb||15px||false|false\u00a0\u00bb global_colors_info=\u00a0\u00bb{%22gcid-0d7bcbf1-692b-4e67-990f-56b11472a5d8%22:%91%22text_text_color%22%93}\u00a0\u00bb]<\/p>\n<p>Suivez-nous<\/p>\n<p>[\/et_pb_text][et_pb_social_media_follow _builder_version=\u00a0\u00bb4.24.2&Prime; _module_preset=\u00a0\u00bbdefault\u00a0\u00bb text_orientation=\u00a0\u00bbcenter\u00a0\u00bb global_colors_info=\u00a0\u00bb{}\u00a0\u00bb][et_pb_social_media_follow_network social_network=\u00a0\u00bbfacebook\u00a0\u00bb url=\u00a0\u00bbhttps:\/\/www.facebook.com\/SergeTagliaboschiSarl\/\u00a0\u00bb icon_color=\u00a0\u00bbgcid-0d7bcbf1-692b-4e67-990f-56b11472a5d8&Prime; use_icon_font_size=\u00a0\u00bbon\u00a0\u00bb icon_font_size=\u00a0\u00bb13px\u00a0\u00bb _builder_version=\u00a0\u00bb4.24.2&Prime; _module_preset=\u00a0\u00bbdefault\u00a0\u00bb background_enable_color=\u00a0\u00bboff\u00a0\u00bb border_width_all=\u00a0\u00bb1px\u00a0\u00bb border_color_all=\u00a0\u00bbgcid-0d7bcbf1-692b-4e67-990f-56b11472a5d8&Prime; global_colors_info=\u00a0\u00bb{%22gcid-0d7bcbf1-692b-4e67-990f-56b11472a5d8%22:%91%22border_color_all%22,%22icon_color%22,%22border_color_right%22%93}\u00a0\u00bb background__hover_enabled=\u00a0\u00bbon|hover\u00a0\u00bb background_color__hover=\u00a0\u00bb#d1d1d1&Prime; background_enable_color__hover=\u00a0\u00bbon\u00a0\u00bb follow_button=\u00a0\u00bboff\u00a0\u00bb url_new_window=\u00a0\u00bbon\u00a0\u00bb]facebook[\/et_pb_social_media_follow_network][et_pb_social_media_follow_network social_network=\u00a0\u00bbinstagram\u00a0\u00bb url=\u00a0\u00bbhttps:\/\/www.instagram.com\/sergetagliaboschigroup\/\u00a0\u00bb icon_color=\u00a0\u00bbgcid-0d7bcbf1-692b-4e67-990f-56b11472a5d8&Prime; use_icon_font_size=\u00a0\u00bbon\u00a0\u00bb icon_font_size=\u00a0\u00bb13px\u00a0\u00bb _builder_version=\u00a0\u00bb4.16&Prime; _module_preset=\u00a0\u00bbdefault\u00a0\u00bb background_enable_color=\u00a0\u00bboff\u00a0\u00bb border_width_all=\u00a0\u00bb1px\u00a0\u00bb border_color_all=\u00a0\u00bbgcid-0d7bcbf1-692b-4e67-990f-56b11472a5d8&Prime; global_colors_info=\u00a0\u00bb{%22gcid-0d7bcbf1-692b-4e67-990f-56b11472a5d8%22:%91%22icon_color%22,%22border_color_all%22%93}\u00a0\u00bb background__hover_enabled=\u00a0\u00bbon|hover\u00a0\u00bb background_color__hover=\u00a0\u00bb#d1d1d1&Prime; background_enable_color__hover=\u00a0\u00bbon\u00a0\u00bb follow_button=\u00a0\u00bboff\u00a0\u00bb url_new_window=\u00a0\u00bbon\u00a0\u00bb]instagram[\/et_pb_social_media_follow_network][et_pb_social_media_follow_network social_network=\u00a0\u00bblinkedin\u00a0\u00bb url=\u00a0\u00bbhttps:\/\/www.linkedin.com\/company\/serge-tagliaboschi-s-rl\/\u00a0\u00bb icon_color=\u00a0\u00bbgcid-0d7bcbf1-692b-4e67-990f-56b11472a5d8&Prime; use_icon_font_size=\u00a0\u00bbon\u00a0\u00bb icon_font_size=\u00a0\u00bb13px\u00a0\u00bb _builder_version=\u00a0\u00bb4.16&Prime; _module_preset=\u00a0\u00bbdefault\u00a0\u00bb background_color=\u00a0\u00bb#007bb6&Prime; background_enable_color=\u00a0\u00bboff\u00a0\u00bb border_width_all=\u00a0\u00bb1px\u00a0\u00bb border_color_all=\u00a0\u00bbgcid-0d7bcbf1-692b-4e67-990f-56b11472a5d8&Prime; global_colors_info=\u00a0\u00bb{%22gcid-0d7bcbf1-692b-4e67-990f-56b11472a5d8%22:%91%22icon_color%22,%22border_color_all%22%93}\u00a0\u00bb background__hover_enabled=\u00a0\u00bbon|hover\u00a0\u00bb background_color__hover=\u00a0\u00bb#d1d1d1&Prime; background_enable_color__hover=\u00a0\u00bbon\u00a0\u00bb follow_button=\u00a0\u00bboff\u00a0\u00bb url_new_window=\u00a0\u00bbon\u00a0\u00bb]linkedin[\/et_pb_social_media_follow_network][et_pb_social_media_follow_network url=\u00a0\u00bbhttps:\/\/st-group.swiss\/\u00a0\u00bb use_icon_font_size=\u00a0\u00bbon\u00a0\u00bb icon_font_size=\u00a0\u00bb14px\u00a0\u00bb _builder_version=\u00a0\u00bb4.24.2&Prime; _module_preset=\u00a0\u00bbdefault\u00a0\u00bb background_image=\u00a0\u00bbhttps:\/\/st-residences.sergetagliaboschigroup.com\/wp-content\/uploads\/2024\/03\/serge-tagliaboschi-group.svg\u00a0\u00bb background_enable_image=\u00a0\u00bbon\u00a0\u00bb global_colors_info=\u00a0\u00bb{}\u00a0\u00bb follow_button=\u00a0\u00bboff\u00a0\u00bb url_new_window=\u00a0\u00bbon\u00a0\u00bb][\/et_pb_social_media_follow_network][\/et_pb_social_media_follow][\/et_pb_column][et_pb_column type=\u00a0\u00bb1_3&Prime; _builder_version=\u00a0\u00bb4.16&Prime; _module_preset=\u00a0\u00bbdefault\u00a0\u00bb global_colors_info=\u00a0\u00bb{}\u00a0\u00bb][et_pb_text _builder_version=\u00a0\u00bb4.16&Prime; _module_preset=\u00a0\u00bbdefault\u00a0\u00bb text_font=\u00a0\u00bbMontserrat||||||||\u00a0\u00bb text_text_color=\u00a0\u00bbgcid-0d7bcbf1-692b-4e67-990f-56b11472a5d8&Prime; text_font_size=\u00a0\u00bb16px\u00a0\u00bb text_orientation=\u00a0\u00bbcenter\u00a0\u00bb custom_margin=\u00a0\u00bb||15px||false|false\u00a0\u00bb global_colors_info=\u00a0\u00bb{%22gcid-0d7bcbf1-692b-4e67-990f-56b11472a5d8%22:%91%22text_text_color%22%93}\u00a0\u00bb]<\/p>\n<p>Ecrivez-nous<\/p>\n<p>[\/et_pb_text][et_pb_text _builder_version=\u00a0\u00bb4.16&Prime; _module_preset=\u00a0\u00bbdefault\u00a0\u00bb text_font=\u00a0\u00bbMontserrat||||||||\u00a0\u00bb text_text_color=\u00a0\u00bbgcid-36e25f43-0b07-4bcc-ba1f-367699523f13&Prime; text_font_size=\u00a0\u00bb17px\u00a0\u00bb text_orientation=\u00a0\u00bbcenter\u00a0\u00bb link_option_url=\u00a0\u00bbmailto:contact@st-residences.ch\u00a0\u00bb text_orientation_tablet=\u00a0\u00bbright\u00a0\u00bb text_orientation_phone=\u00a0\u00bbcenter\u00a0\u00bb text_orientation_last_edited=\u00a0\u00bbon|phone\u00a0\u00bb global_colors_info=\u00a0\u00bb{%22gcid-36e25f43-0b07-4bcc-ba1f-367699523f13%22:%91%22text_text_color%22%93}\u00a0\u00bb text_text_color__hover_enabled=\u00a0\u00bbon|hover\u00a0\u00bb text_text_color__hover=\u00a0\u00bb#969696&Prime;]<\/p>\n<p>CONTACT@ST-RESIDENCES.CH<\/p>\n<p>[\/et_pb_text][\/et_pb_column][\/et_pb_row][et_pb_row column_structure=\u00a0\u00bb1_3,1_3,1_3&Prime; use_custom_gutter=\u00a0\u00bbon\u00a0\u00bb gutter_width=\u00a0\u00bb4&Prime; make_equal=\u00a0\u00bbon\u00a0\u00bb column_padding_mobile=\u00a0\u00bbon\u00a0\u00bb disabled_on=\u00a0\u00bboff|off|off\u00a0\u00bb admin_label=\u00a0\u00bbrow\u00a0\u00bb _builder_version=\u00a0\u00bb4.16&Prime; background_size=\u00a0\u00bbinitial\u00a0\u00bb background_position=\u00a0\u00bbtop_left\u00a0\u00bb background_repeat=\u00a0\u00bbrepeat\u00a0\u00bb max_width=\u00a0\u00bb1710px\u00a0\u00bb custom_margin=\u00a0\u00bb||||false|false\u00a0\u00bb custom_margin_tablet=\u00a0\u00bb||10vh||false|false\u00a0\u00bb custom_margin_phone=\u00a0\u00bb||20px||false|false\u00a0\u00bb custom_margin_last_edited=\u00a0\u00bbon|phone\u00a0\u00bb custom_padding=\u00a0\u00bb0px||||false|false\u00a0\u00bb make_fullwidth=\u00a0\u00bbon\u00a0\u00bb use_custom_width=\u00a0\u00bbon\u00a0\u00bb width_unit=\u00a0\u00bbon\u00a0\u00bb custom_width_px=\u00a0\u00bb760px\u00a0\u00bb custom_width_percent=\u00a0\u00bb80%\u00a0\u00bb global_colors_info=\u00a0\u00bb{}\u00a0\u00bb][et_pb_column type=\u00a0\u00bb1_3&Prime; disabled_on=\u00a0\u00bboff|off|off\u00a0\u00bb _builder_version=\u00a0\u00bb4.16&Prime; custom_padding=\u00a0\u00bb|||\u00a0\u00bb global_colors_info=\u00a0\u00bb{}\u00a0\u00bb custom_padding__hover=\u00a0\u00bb|||\u00a0\u00bb][\/et_pb_column][et_pb_column type=\u00a0\u00bb1_3&Prime; _builder_version=\u00a0\u00bb4.16&Prime; custom_padding=\u00a0\u00bb|||\u00a0\u00bb global_colors_info=\u00a0\u00bb{}\u00a0\u00bb custom_padding__hover=\u00a0\u00bb|||\u00a0\u00bb][et_pb_text _builder_version=\u00a0\u00bb4.16&Prime; _module_preset=\u00a0\u00bbdefault\u00a0\u00bb text_font=\u00a0\u00bbMontserrat||||||||\u00a0\u00bb text_text_color=\u00a0\u00bbgcid-0d7bcbf1-692b-4e67-990f-56b11472a5d8&Prime; text_font_size=\u00a0\u00bb12px\u00a0\u00bb text_orientation=\u00a0\u00bbcenter\u00a0\u00bb global_colors_info=\u00a0\u00bb{%22gcid-0d7bcbf1-692b-4e67-990f-56b11472a5d8%22:%91%22text_text_color%22%93}\u00a0\u00bb]<\/p>\n<p>1820 MONTREUX \u2022 SUISSE<\/p>\n<p>[\/et_pb_text][\/et_pb_column][et_pb_column type=\u00a0\u00bb1_3&Prime; disabled_on=\u00a0\u00bboff|off|off\u00a0\u00bb _builder_version=\u00a0\u00bb4.16&Prime; custom_padding=\u00a0\u00bb|||\u00a0\u00bb global_colors_info=\u00a0\u00bb{}\u00a0\u00bb custom_padding__hover=\u00a0\u00bb|||\u00a0\u00bb][\/et_pb_column][\/et_pb_row][\/et_pb_section]<\/p>\n","protected":false},"excerpt":{"rendered":"<p>VOTRE PROJET IMMOBILIER NOTRE MISSIONNotre nouvelle plateforme sera bient\u00f4t disponible. EN ATTENDANT CONTACTEZ NOUS Nous vous r\u00e9pondons par t\u00e9l\u00e9phone, via WhatsApp ou par courriel.Contactez-nous+41 79 657 74 99Suivez-nousEcrivez-nousCONTACT@ST-RESIDENCES.CH1820 MONTREUX \u2022 SUISSE<\/p>","protected":false},"author":2,"featured_media":0,"parent":0,"menu_order":0,"comment_status":"closed","ping_status":"closed","template":"page-template-blank.php","meta":{"_et_pb_use_builder":"on","_et_pb_old_content":"","_et_gb_content_width":"","inline_featured_image":false,"footnotes":""},"class_list":["post-330","page","type-page","status-publish","hentry"],"yoast_head":"<!-- This site is optimized with the Yoast SEO Premium plugin v24.5 (Yoast SEO v27.6) - https:\/\/yoast.com\/product\/yoast-seo-premium-wordpress\/ -->\n<title>COMING SOON - ST-RESIDENCES<\/title>\n<meta name=\"robots\" content=\"index, follow, max-snippet:-1, max-image-preview:large, max-video-preview:-1\" \/>\n<link rel=\"canonical\" href=\"https:\/\/st-residences.sergetagliaboschigroup.com\/ar\/\" \/>\n<meta property=\"og:locale\" content=\"ar_AR\" \/>\n<meta property=\"og:type\" content=\"article\" \/>\n<meta property=\"og:title\" content=\"COMING SOON\" \/>\n<meta property=\"og:description\" content=\"VOTRE PROJET IMMOBILIER NOTRE MISSIONNotre nouvelle plateforme sera bient\u00f4t disponible. EN ATTENDANT CONTACTEZ NOUS Nous vous r\u00e9pondons par t\u00e9l\u00e9phone, via WhatsApp ou par courriel.Contactez-nous+41 79 657 74 99Suivez-nousEcrivez-nousCONTACT@ST-RESIDENCES.CH1820 MONTREUX \u2022 SUISSE\" \/>\n<meta property=\"og:url\" content=\"https:\/\/st-residences.sergetagliaboschigroup.com\/ar\/\" \/>\n<meta property=\"og:site_name\" content=\"ST-RESIDENCES\" \/>\n<meta property=\"article:modified_time\" content=\"2025-03-02T17:42:46+00:00\" \/>\n<meta name=\"twitter:card\" content=\"summary_large_image\" \/>\n<meta name=\"twitter:label1\" content=\"\u0648\u0642\u062a \u0627\u0644\u0642\u0631\u0627\u0621\u0629 \u0627\u0644\u0645\u064f\u0642\u062f\u0651\u0631\" \/>\n\t<meta name=\"twitter:data1\" content=\"\u062f\u0642\u064a\u0642\u0629 \u0648\u0627\u062d\u062f\u0629\" \/>\n<script type=\"application\/ld+json\" class=\"yoast-schema-graph\">{\"@context\":\"https:\\\/\\\/schema.org\",\"@graph\":[{\"@type\":\"WebPage\",\"@id\":\"https:\\\/\\\/st-residences.sergetagliaboschigroup.com\\\/\",\"url\":\"https:\\\/\\\/st-residences.sergetagliaboschigroup.com\\\/\",\"name\":\"COMING SOON - ST-RESIDENCES\",\"isPartOf\":{\"@id\":\"https:\\\/\\\/st-residences.sergetagliaboschigroup.com\\\/#website\"},\"datePublished\":\"2017-02-20T09:13:21+00:00\",\"dateModified\":\"2025-03-02T17:42:46+00:00\",\"breadcrumb\":{\"@id\":\"https:\\\/\\\/st-residences.sergetagliaboschigroup.com\\\/#breadcrumb\"},\"inLanguage\":\"ar\",\"potentialAction\":[{\"@type\":\"ReadAction\",\"target\":[\"https:\\\/\\\/st-residences.sergetagliaboschigroup.com\\\/\"]}]},{\"@type\":\"BreadcrumbList\",\"@id\":\"https:\\\/\\\/st-residences.sergetagliaboschigroup.com\\\/#breadcrumb\",\"itemListElement\":[{\"@type\":\"ListItem\",\"position\":1,\"name\":\"Accueil\",\"item\":\"https:\\\/\\\/st-residences.sergetagliaboschigroup.com\\\/\"},{\"@type\":\"ListItem\",\"position\":2,\"name\":\"COMING SOON\"}]},{\"@type\":\"WebSite\",\"@id\":\"https:\\\/\\\/st-residences.sergetagliaboschigroup.com\\\/#website\",\"url\":\"https:\\\/\\\/st-residences.sergetagliaboschigroup.com\\\/\",\"name\":\"ST-RESIDENCES\",\"description\":\"LOCATION ET VENTE IMMOBILIERE EN SUISSE\",\"potentialAction\":[{\"@type\":\"SearchAction\",\"target\":{\"@type\":\"EntryPoint\",\"urlTemplate\":\"https:\\\/\\\/st-residences.sergetagliaboschigroup.com\\\/?s={search_term_string}\"},\"query-input\":{\"@type\":\"PropertyValueSpecification\",\"valueRequired\":true,\"valueName\":\"search_term_string\"}}],\"inLanguage\":\"ar\"}]}<\/script>\n<!-- \/ Yoast SEO Premium plugin. -->","yoast_head_json":{"title":"COMING SOON - ST-RESIDENCES","robots":{"index":"index","follow":"follow","max-snippet":"max-snippet:-1","max-image-preview":"max-image-preview:large","max-video-preview":"max-video-preview:-1"},"canonical":"https:\/\/st-residences.sergetagliaboschigroup.com\/ar\/","og_locale":"ar_AR","og_type":"article","og_title":"COMING SOON","og_description":"VOTRE PROJET IMMOBILIER NOTRE MISSIONNotre nouvelle plateforme sera bient\u00f4t disponible. EN ATTENDANT CONTACTEZ NOUS Nous vous r\u00e9pondons par t\u00e9l\u00e9phone, via WhatsApp ou par courriel.Contactez-nous+41 79 657 74 99Suivez-nousEcrivez-nousCONTACT@ST-RESIDENCES.CH1820 MONTREUX \u2022 SUISSE","og_url":"https:\/\/st-residences.sergetagliaboschigroup.com\/ar\/","og_site_name":"ST-RESIDENCES","article_modified_time":"2025-03-02T17:42:46+00:00","twitter_card":"summary_large_image","twitter_misc":{"\u0648\u0642\u062a \u0627\u0644\u0642\u0631\u0627\u0621\u0629 \u0627\u0644\u0645\u064f\u0642\u062f\u0651\u0631":"\u062f\u0642\u064a\u0642\u0629 \u0648\u0627\u062d\u062f\u0629"},"schema":{"@context":"https:\/\/schema.org","@graph":[{"@type":"WebPage","@id":"https:\/\/st-residences.sergetagliaboschigroup.com\/","url":"https:\/\/st-residences.sergetagliaboschigroup.com\/","name":"COMING SOON - ST-RESIDENCES","isPartOf":{"@id":"https:\/\/st-residences.sergetagliaboschigroup.com\/#website"},"datePublished":"2017-02-20T09:13:21+00:00","dateModified":"2025-03-02T17:42:46+00:00","breadcrumb":{"@id":"https:\/\/st-residences.sergetagliaboschigroup.com\/#breadcrumb"},"inLanguage":"ar","potentialAction":[{"@type":"ReadAction","target":["https:\/\/st-residences.sergetagliaboschigroup.com\/"]}]},{"@type":"BreadcrumbList","@id":"https:\/\/st-residences.sergetagliaboschigroup.com\/#breadcrumb","itemListElement":[{"@type":"ListItem","position":1,"name":"Accueil","item":"https:\/\/st-residences.sergetagliaboschigroup.com\/"},{"@type":"ListItem","position":2,"name":"COMING SOON"}]},{"@type":"WebSite","@id":"https:\/\/st-residences.sergetagliaboschigroup.com\/#website","url":"https:\/\/st-residences.sergetagliaboschigroup.com\/","name":"ST-RESIDENCES","description":"LOCATION ET VENTE IMMOBILIERE EN SUISSE","potentialAction":[{"@type":"SearchAction","target":{"@type":"EntryPoint","urlTemplate":"https:\/\/st-residences.sergetagliaboschigroup.com\/?s={search_term_string}"},"query-input":{"@type":"PropertyValueSpecification","valueRequired":true,"valueName":"search_term_string"}}],"inLanguage":"ar"}]}},"_links":{"self":[{"href":"https:\/\/st-residences.sergetagliaboschigroup.com\/ar\/wp-json\/wp\/v2\/pages\/330","targetHints":{"allow":["GET"]}}],"collection":[{"href":"https:\/\/st-residences.sergetagliaboschigroup.com\/ar\/wp-json\/wp\/v2\/pages"}],"about":[{"href":"https:\/\/st-residences.sergetagliaboschigroup.com\/ar\/wp-json\/wp\/v2\/types\/page"}],"author":[{"embeddable":true,"href":"https:\/\/st-residences.sergetagliaboschigroup.com\/ar\/wp-json\/wp\/v2\/users\/2"}],"replies":[{"embeddable":true,"href":"https:\/\/st-residences.sergetagliaboschigroup.com\/ar\/wp-json\/wp\/v2\/comments?post=330"}],"version-history":[{"count":32,"href":"https:\/\/st-residences.sergetagliaboschigroup.com\/ar\/wp-json\/wp\/v2\/pages\/330\/revisions"}],"predecessor-version":[{"id":29560,"href":"https:\/\/st-residences.sergetagliaboschigroup.com\/ar\/wp-json\/wp\/v2\/pages\/330\/revisions\/29560"}],"wp:attachment":[{"href":"https:\/\/st-residences.sergetagliaboschigroup.com\/ar\/wp-json\/wp\/v2\/media?parent=330"}],"curies":[{"name":"wp","href":"https:\/\/api.w.org\/{rel}","templated":true}]}}